{"id":2157,"date":"2023-09-18T19:53:14","date_gmt":"2023-09-18T19:53:14","guid":{"rendered":"https:\/\/serviceareas.kristijane.com\/abogado-de-accidentes-de-trafico\/"},"modified":"2023-09-18T19:53:14","modified_gmt":"2023-09-18T19:53:14","slug":"abogado-de-accidentes-de-trafico","status":"publish","type":"page","link":"https:\/\/whiteheadfirm.com\/es\/abogado-de-accidentes-de-trafico\/","title":{"rendered":"Abogado de accidentes de tr\u00e1fico"},"content":{"rendered":"<h2>Ayudamos a las v\u00edctimas de accidentes automovil\u00edsticos<\/h2>\n<p>En los \u00faltimos a\u00f1os, los accidentes automovil\u00edsticos se han convertido en una preocupaci\u00f3n importante en nuestras comunidades. Estos incidentes pueden tener una amplia gama de consecuencias, desde lesiones leves hasta la tr\u00e1gica p\u00e9rdida de vidas. Es fundamental que tanto los individuos como las autoridades trabajen juntos para mejorar la seguridad vial, implementar leyes de tr\u00e1fico eficaces y promover h\u00e1bitos de conducci\u00f3n responsables. Las campa\u00f1as de concienciaci\u00f3n p\u00fablica y los programas educativos desempe\u00f1an un papel vital en la reducci\u00f3n de la frecuencia y la gravedad de los accidentes automovil\u00edsticos, lo que en \u00faltima instancia hace que nuestras carreteras sean m\u00e1s seguras para todos.   <\/p>\n<div class=\"p-3 my-2\" style=\"background-color: #FFF; border-radius: 5px;\">\r\n    <h3 class=\"pb-3\">Tu b\u00fasqueda de ayuda termina aqu\u00ed. Empecemos, GRATIS.<\/h3>\r\n    <div class=\"d-flex flex-column flex-lg-row align-items-center gap-2 pb-3\">\r\n        <div class=\"d-flex gap-2 align-items-center\">\r\n            \r\n            \r\n        <\/div>\r\n        <div>or <a href=\"\/contact\/\" class=\"cta\" style=\"text-decoration:underline;\">env\u00eda la informaci\u00f3n de tu caso<\/a><\/div>\r\n    <\/div>\r\n    <div>The minute you sign with LAW COMPANY\u00ae\u00a0\u2013 we start working.<\/div>\r\n<\/div>\n<h2>Tipos de accidentes automovil\u00edsticos: comprensi\u00f3n del apoyo legal<\/h2>\n<ol>\n<li><strong>Colisiones por alcance:<\/strong> Las colisiones por alcance ocurren cuando un veh\u00edculo golpea la parte trasera de otro. Estos accidentes suelen ocurrir debido a paradas repentinas, conducci\u00f3n distra\u00edda o conducci\u00f3n demasiado cerca del veh\u00edculo de delante. Las lesiones en colisiones por alcance pueden variar desde un latigazo cervical leve hasta lesiones de cuello y espalda m\u00e1s graves.  <\/li>\n<li><strong>Accidentes de tipo T (colisiones de impacto lateral):<\/strong> Los accidentes de tipo T ocurren cuando un veh\u00edculo golpea el costado de otro, generalmente en una intersecci\u00f3n. Estos accidentes pueden ser el resultado de no ceder el paso o saltarse los sem\u00e1foros en rojo. Son particularmente peligrosos debido a la limitada protecci\u00f3n en los lados de los veh\u00edculos, lo que provoca lesiones graves, como huesos rotos y traumatismos craneales.  <\/li>\n<li><strong>Colisiones frontales:<\/strong> Las colisiones frontales ocurren cuando dos veh\u00edculos que viajan en direcciones opuestas chocan de frente. Estos accidentes suelen ser los m\u00e1s catastr\u00f3ficos y provocan lesiones graves y muertes. Factores como el exceso de velocidad, la conducci\u00f3n bajo los efectos del alcohol y la somnolencia pueden contribuir a las colisiones frontales.  <\/li>\n<li><strong>Accidentes de un solo veh\u00edculo:<\/strong> Los accidentes de un solo veh\u00edculo involucran solo un veh\u00edculo y, por lo general, son el resultado de factores como la p\u00e9rdida de control, el derrape o la salida de la carretera. Las causas comunes incluyen condiciones clim\u00e1ticas adversas, mantenimiento deficiente de la carretera o error del conductor. Las lesiones pueden variar seg\u00fan las circunstancias, pero pueden incluir huesos rotos, traumatismos craneales y traumatismos internos.  <\/li>\n<li><strong>Colisiones m\u00faltiples:<\/strong> Las colisiones m\u00faltiples son accidentes complejos que involucran a tres o m\u00e1s veh\u00edculos. A menudo ocurren en las autopistas durante condiciones clim\u00e1ticas adversas o visibilidad reducida, como niebla espesa o tormentas de nieve. Estos accidentes pueden ser particularmente peligrosos debido a la naturaleza de alta velocidad de la conducci\u00f3n en autopista y el riesgo de m\u00faltiples impactos. Las lesiones en colisiones m\u00faltiples pueden variar de leves a potencialmente mortales.   <\/li>\n<\/ol>\n<div class=\"p-3 my-2\" style=\"background-color: #325771; border-radius: 5px;\">\r\n    <h3 class=\"pb-3\" style=\"color: #FFF\">Tu b\u00fasqueda de ayuda termina aqu\u00ed. Empecemos, GRATIS.<\/h3>\r\n    <div class=\"d-flex flex-column flex-lg-row align-items-center gap-2 pb-3\">\r\n        <div class=\"d-flex gap-2 align-items-center\">\r\n            \r\n            \r\n        <\/div>\r\n        <div style=\"color: #FFF\">or <a href=\"\/contact\/\" class=\"cta\" style=\"text-decoration:underline; color: #FFF;\">env\u00eda la informaci\u00f3n de tu caso<\/a><\/div>\r\n    <\/div>\r\n    <div style=\"color: #FFF\">The minute you sign with LAW COMPANY\u00ae\u00a0\u2013 we start working.<\/div>\r\n<\/div>\n<h2>Reclamaciones disponibles<\/h2>\n<p><strong>Estas son algunas de las lesiones m\u00e1s comunes causadas por accidentes automovil\u00edsticos:<\/strong><\/p>\n<ul>\n<li><strong>Latigazo cervical:<\/strong> El latigazo cervical es una lesi\u00f3n de los tejidos blandos del cuello y la parte superior de la espalda causada por el r\u00e1pido movimiento de la cabeza hacia adelante y hacia atr\u00e1s durante una colisi\u00f3n. Es una de las lesiones m\u00e1s comunes en colisiones por alcance y puede provocar dolor de cuello, rigidez y dolores de cabeza. <\/li>\n<li><strong>Contusiones y hematomas:<\/strong> Las contusiones o hematomas son comunes en los accidentes automovil\u00edsticos, generalmente causados por el impacto con partes del interior del veh\u00edculo u otros objetos en el autom\u00f3vil. Si bien generalmente no son graves, a\u00fan pueden ser dolorosos y tardar en sanar. <\/li>\n<li><strong>Huesos rotos:<\/strong> Las fracturas de huesos son frecuentes en los accidentes automovil\u00edsticos, especialmente en choques de alto impacto. Los huesos que se rompen com\u00fanmente incluyen las costillas, los brazos, las piernas y la clav\u00edcula. Estas lesiones pueden variar desde fracturas menores hasta fracturas compuestas m\u00e1s complejas.  <\/li>\n<li><strong>Traumatismos craneales:<\/strong> Los traumatismos craneales pueden variar en gravedad, desde conmociones cerebrales hasta lesiones cerebrales traum\u00e1ticas (TBI). Incluso las lesiones leves en la cabeza pueden tener efectos a largo plazo, incluidos problemas de memoria y deterioro cognitivo. <\/li>\n<li><strong>Cortes y laceraciones:<\/strong> Los vidrios rotos, el metal retorcido y otros escombros pueden causar cortes y laceraciones. Dependiendo de su profundidad y ubicaci\u00f3n, estas lesiones pueden requerir puntos o incluso cirug\u00eda. <\/li>\n<li><strong>Lesiones de la m\u00e9dula espinal:<\/strong> Los accidentes m\u00e1s graves pueden provocar lesiones de la m\u00e9dula espinal, que pueden provocar par\u00e1lisis parcial o completa. Estas lesiones a menudo tienen consecuencias de por vida y requieren una atenci\u00f3n m\u00e9dica y rehabilitaci\u00f3n exhaustivas. <\/li>\n<li><strong>Lesiones internas:<\/strong> El traumatismo por fuerza contundente en los accidentes automovil\u00edsticos puede causar lesiones internas en \u00f3rganos como el bazo, el h\u00edgado, los ri\u00f1ones o los pulmones. Es posible que estas lesiones no sean evidentes de inmediato, pero pueden ser potencialmente mortales si no se tratan. <\/li>\n<li><strong>Trauma psicol\u00f3gico:<\/strong> Adem\u00e1s de las lesiones f\u00edsicas, los accidentes automovil\u00edsticos pueden provocar un trauma psicol\u00f3gico, como el trastorno de estr\u00e9s postraum\u00e1tico (TEPT) o la ansiedad. Presenciar un accidente grave o estar involucrado en uno puede tener un impacto duradero en la salud mental. <\/li>\n<\/ul>\n<div class=\"p-3 my-2\" style=\"background-color: #FFF; border-radius: 5px;\">\r\n    <h3 class=\"pb-3\">Tu b\u00fasqueda de ayuda termina aqu\u00ed. Empecemos, GRATIS.<\/h3>\r\n    <div class=\"d-flex flex-column flex-lg-row align-items-center gap-2 pb-3\">\r\n        <div class=\"d-flex gap-2 align-items-center\">\r\n            \r\n            \r\n        <\/div>\r\n        <div>or <a href=\"\/contact\/\" class=\"cta\" style=\"text-decoration:underline;\">env\u00eda la informaci\u00f3n de tu caso<\/a><\/div>\r\n    <\/div>\r\n    <div>The minute you sign with LAW COMPANY\u00ae\u00a0\u2013 we start working.<\/div>\r\n<\/div>\n<p><strong>Estos son los tipos de compensaci\u00f3n que puede buscar de un conductor responsable despu\u00e9s de un accidente automovil\u00edstico:<\/strong><\/p>\n<ul>\n<li>Costos m\u00e9dicos pasados y proyectados<\/li>\n<li>Angustia mental<\/li>\n<li>Salarios perdidos<\/li>\n<li>P\u00e9rdida del potencial de ingresos<\/li>\n<li>Lesiones permanentes<\/li>\n<li>Dolor y sufrimiento<\/li>\n<\/ul>\n<div class=\"p-3 my-2\" style=\"background-color: #FFF; border-radius: 5px;\">\r\n    <h3 class=\"pb-3\">Tu b\u00fasqueda de ayuda termina aqu\u00ed. Empecemos, GRATIS.<\/h3>\r\n    <div class=\"d-flex flex-column flex-lg-row align-items-center gap-2 pb-3\">\r\n        <div class=\"d-flex gap-2 align-items-center\">\r\n            \r\n            \r\n        <\/div>\r\n        <div>or <a href=\"\/contact\/\" class=\"cta\" style=\"text-decoration:underline;\">env\u00eda la informaci\u00f3n de tu caso<\/a><\/div>\r\n    <\/div>\r\n    <div>The minute you sign with LAW COMPANY\u00ae\u00a0\u2013 we start working.<\/div>\r\n<\/div>\n<h2>Por qu\u00e9 elegirnos<\/h2>\n<p>Las lesiones m\u00e1s comunes que resultan de los accidentes automovil\u00edsticos pueden variar en gravedad seg\u00fan las circunstancias del choque. Es importante buscar atenci\u00f3n m\u00e9dica inmediata despu\u00e9s de un accidente automovil\u00edstico, incluso si las lesiones parecen menores, ya que algunas lesiones pueden no manifestar s\u00edntomas de inmediato. La evaluaci\u00f3n y el tratamiento m\u00e9dicos oportunos pueden prevenir complicaciones y ayudar a documentar las lesiones para reclamaciones de seguros y fines legales. Adem\u00e1s, practicar una conducci\u00f3n segura y usar los cinturones de seguridad y los asientos para el autom\u00f3vil correctamente puede reducir el riesgo de lesiones en accidentes automovil\u00edsticos.   <\/p>\n<p>&nbsp;<\/p>\n","protected":false},"excerpt":{"rendered":"<p>Ayudamos a las v\u00edctimas de accidentes automovil\u00edsticos En los \u00faltimos a\u00f1os, los accidentes automovil\u00edsticos se han convertido en una preocupaci\u00f3n importante en nuestras comunidades. Estos incidentes pueden tener una amplia gama de consecuencias, desde lesiones leves hasta la tr\u00e1gica p\u00e9rdida de vidas. Es fundamental que tanto los individuos como las autoridades trabajen juntos para mejorar [&hellip;]<\/p>\n","protected":false},"author":2,"featured_media":0,"parent":0,"menu_order":0,"comment_status":"closed","ping_status":"closed","template":"blocks.php","meta":{"_acf_changed":false,"footnotes":""},"class_list":["post-2157","page","type-page","status-publish","hentry"],"acf":[],"publishpress_future_action":{"enabled":false,"date":"2026-05-08 15:04:06","action":"change-status","newStatus":"draft","terms":[],"taxonomy":"translation_priority","extraData":[]},"publishpress_future_workflow_manual_trigger":{"enabledWorkflows":[]},"_links":{"self":[{"href":"https:\/\/whiteheadfirm.com\/es\/wp-json\/wp\/v2\/pages\/2157","targetHints":{"allow":["GET"]}}],"collection":[{"href":"https:\/\/whiteheadfirm.com\/es\/wp-json\/wp\/v2\/pages"}],"about":[{"href":"https:\/\/whiteheadfirm.com\/es\/wp-json\/wp\/v2\/types\/page"}],"author":[{"embeddable":true,"href":"https:\/\/whiteheadfirm.com\/es\/wp-json\/wp\/v2\/users\/2"}],"replies":[{"embeddable":true,"href":"https:\/\/whiteheadfirm.com\/es\/wp-json\/wp\/v2\/comments?post=2157"}],"version-history":[{"count":0,"href":"https:\/\/whiteheadfirm.com\/es\/wp-json\/wp\/v2\/pages\/2157\/revisions"}],"wp:attachment":[{"href":"https:\/\/whiteheadfirm.com\/es\/wp-json\/wp\/v2\/media?parent=2157"}],"curies":[{"name":"wp","href":"https:\/\/api.w.org\/{rel}","templated":true}]}}