{"id":2162,"date":"2025-11-13T19:29:48","date_gmt":"2025-11-13T19:29:48","guid":{"rendered":"https:\/\/serviceareas.kristijane.com\/abogados\/"},"modified":"2026-01-20T15:31:46","modified_gmt":"2026-01-20T15:31:46","slug":"attorneys","status":"publish","type":"page","link":"https:\/\/whiteheadfirm.com\/es\/attorneys\/","title":{"rendered":"Abogados"},"content":{"rendered":"<p>Nuestro equipo se basa en la solidez, la experiencia y la colaboraci\u00f3n. Nuestros abogados, investigadores y asistentes legales trabajan en estrecha colaboraci\u00f3n, combinando sus habilidades para construir el caso m\u00e1s s\u00f3lido posible para usted. Estamos orgullosos del equipo que hemos reunido, un equipo en el que confiamos para ofrecer los resultados y la justicia que usted merece.<\/p>\n<h3>Attorneys<\/h3>\n<div class='row mb-3' style='--bs-gutter-y: 1rem !important'><div class=\"col-lg-4 col-md-4 col-sm-6 attorney-archive-container\">\r\n\t<div class=\"attorneyblock text-center\" id=\"post-2160\" class=\"post-2160 attorneys type-attorneys status-publish hentry\">\r\n\t\t\t\t<a href=\"https:\/\/whiteheadfirm.com\/es\/attorneys\/plantilla-de-abogado\/\" class=\"attorney-archive-link-image\"><\/a>\r\n\t\t<a href=\"https:\/\/whiteheadfirm.com\/es\/attorneys\/plantilla-de-abogado\/\" class=\"attorney-archive-link\">\r\n\t\t\t<p class=\"attorney-archive-name\">Heather Montgomery<\/p>\r\n\t\t<\/a>\r\n\t\t\t\t<p class=\"attorney-archive-title\">Abogado<\/p>\r\n\t\t\t\t<div class=\"attorney-archive-view-profile\"><a class=\"btn\" href=\"https:\/\/whiteheadfirm.com\/es\/attorneys\/plantilla-de-abogado\/\">View Profile<\/a><\/div>\r\n\t\t\t<\/div>\r\n<\/div>\r\n<\/div>\n","protected":false},"excerpt":{"rendered":"<p>Nuestro equipo se basa en la solidez, la experiencia y la colaboraci\u00f3n. Nuestros abogados, investigadores y asistentes legales trabajan en estrecha colaboraci\u00f3n, combinando sus habilidades para construir el caso m\u00e1s s\u00f3lido posible para usted. Estamos orgullosos del equipo que hemos reunido, un equipo en el que confiamos para ofrecer los resultados y la justicia que [&hellip;]<\/p>\n","protected":false},"author":2,"featured_media":0,"parent":0,"menu_order":0,"comment_status":"closed","ping_status":"closed","template":"","meta":{"_acf_changed":false,"footnotes":""},"class_list":["post-2162","page","type-page","status-publish","hentry"],"acf":[],"publishpress_future_action":{"enabled":false,"date":"2026-05-08 15:58:58","action":"change-status","newStatus":"draft","terms":[],"taxonomy":"translation_priority","extraData":[]},"publishpress_future_workflow_manual_trigger":{"enabledWorkflows":[]},"_links":{"self":[{"href":"https:\/\/whiteheadfirm.com\/es\/wp-json\/wp\/v2\/pages\/2162","targetHints":{"allow":["GET"]}}],"collection":[{"href":"https:\/\/whiteheadfirm.com\/es\/wp-json\/wp\/v2\/pages"}],"about":[{"href":"https:\/\/whiteheadfirm.com\/es\/wp-json\/wp\/v2\/types\/page"}],"author":[{"embeddable":true,"href":"https:\/\/whiteheadfirm.com\/es\/wp-json\/wp\/v2\/users\/2"}],"replies":[{"embeddable":true,"href":"https:\/\/whiteheadfirm.com\/es\/wp-json\/wp\/v2\/comments?post=2162"}],"version-history":[{"count":0,"href":"https:\/\/whiteheadfirm.com\/es\/wp-json\/wp\/v2\/pages\/2162\/revisions"}],"wp:attachment":[{"href":"https:\/\/whiteheadfirm.com\/es\/wp-json\/wp\/v2\/media?parent=2162"}],"curies":[{"name":"wp","href":"https:\/\/api.w.org\/{rel}","templated":true}]}}